{"id":1107,"date":"2020-03-06T08:59:40","date_gmt":"2020-03-06T13:59:40","guid":{"rendered":"https:\/\/hogarelbosque.com\/?page_id=1107"},"modified":"2020-03-06T18:08:15","modified_gmt":"2020-03-06T23:08:15","slug":"espacios","status":"publish","type":"page","link":"https:\/\/hogarelbosque.com\/index.php\/espacios\/","title":{"rendered":"ESPACIOS"},"content":{"rendered":"<div class=\"fusion-fullwidth fullwidth-box fusion-builder-row-1 nonhundred-percent-fullwidth non-hundred-percent-height-scrolling\"  style='background-color: rgba(255,255,255,0);background-position: center center;background-repeat: no-repeat;padding-top:0px;padding-right:0px;padding-bottom:0px;padding-left:0px;'><div class=\"fusion-builder-row fusion-row \"><div  class=\"fusion-layout-column fusion_builder_column fusion_builder_column_2_5 fusion-builder-column-0 fusion-two-fifth fusion-column-first 2_5\"  style='margin-top:20px;margin-bottom:20px;width:40%;width:calc(40% - ( ( 4% ) * 0.4 ) );margin-right: 4%;'><div class=\"fusion-column-wrapper\" style=\"padding: 0px 0px 0px 0px;background-position:left top;background-repeat:no-repeat;-webkit-background-size:cover;-moz-background-size:cover;-o-background-size:cover;background-size:cover;\"   data-bg-url=\"\"><div class=\"fusion-text\"><h2><span style=\"color: #00b242;\">NUESTROS ESPACIOS<\/span><\/h2>\n<p>Nuestro hogar est\u00e1 dise\u00f1ado para brindar la mejor atenci\u00f3n humana e integral, creando una opci\u00f3n \u00e9tica, divertida y acogedora en la prestaci\u00f3n de los servicios de salud, terap\u00e9uticos, recreativos, y ocupacionales.<\/p>\n<\/div><div class=\"fusion-clearfix\"><\/div><\/div><\/div><div  class=\"fusion-layout-column fusion_builder_column fusion_builder_column_3_5 fusion-builder-column-1 fusion-three-fifth fusion-column-last 3_5\"  style='margin-top:20px;margin-bottom:20px;width:60%;width:calc(60% - ( ( 4% ) * 0.6 ) );'><div class=\"fusion-column-wrapper\" style=\"padding: 0px 0px 0px 0px;background-position:left top;background-repeat:no-repeat;-webkit-background-size:cover;-moz-background-size:cover;-o-background-size:cover;background-size:cover;\"   data-bg-url=\"\"><style type=\"text\/css\">.fusion-gallery-1 .fusion-gallery-image {border:0px solid #f6f6f6;}<\/style><div class=\"fusion-gallery fusion-gallery-container fusion-grid-3 fusion-columns-total-0 fusion-gallery-layout-masonry fusion-gallery-1\" style=\"margin:-5px;\"><div class=\"fusion-grid-column fusion-gallery-column fusion-gallery-column-3 hover-type-none fusion-grid-sizer\"><\/div><div style=\"padding:5px;\" class=\"fusion-grid-column fusion-gallery-column fusion-gallery-column-3 hover-type-none fusion-element-landscape\"><div class=\"fusion-gallery-image\"><a href=\"https:\/\/hogarelbosque.com\/wp-content\/uploads\/2020\/03\/1.jpg\" rel=\"noreferrer\" data-rel=\"iLightbox[gallery_image_1]\" class=\"fusion-lightbox\" target=\"_self\"><div style=\"padding-top:calc((100% + 10px) * 0.4 - 5px);\" class=\"fusion-masonry-element-container lazyload\" data-bg=\"https:\/\/hogarelbosque.com\/wp-content\/uploads\/2020\/03\/1.jpg\"><img decoding=\"async\" src=\"https:\/\/hogarelbosque.com\/wp-content\/uploads\/2020\/03\/1.jpg\" width=\"600\" height=\"400\" alt=\"\" title=\"1\" aria-label=\"1\" class=\"img-responsive wp-image-1142\" srcset=\"https:\/\/hogarelbosque.com\/wp-content\/uploads\/2020\/03\/1-200x133.jpg 200w, https:\/\/hogarelbosque.com\/wp-content\/uploads\/2020\/03\/1-400x267.jpg 400w, https:\/\/hogarelbosque.com\/wp-content\/uploads\/2020\/03\/1.jpg 600w\" sizes=\"(min-width: 2200px) 100vw, (min-width: 640px) 1170px, \" \/><\/div><\/a><\/div><\/div><div style=\"padding:5px;\" class=\"fusion-grid-column fusion-gallery-column fusion-gallery-column-3 hover-type-none fusion-element-landscape\"><div class=\"fusion-gallery-image\"><a href=\"https:\/\/hogarelbosque.com\/wp-content\/uploads\/2020\/03\/2.jpg\" rel=\"noreferrer\" data-rel=\"iLightbox[gallery_image_1]\" class=\"fusion-lightbox\" target=\"_self\"><div style=\"padding-top:calc((100% + 10px) * 0.4 - 5px);\" class=\"fusion-masonry-element-container lazyload\" data-bg=\"https:\/\/hogarelbosque.com\/wp-content\/uploads\/2020\/03\/2.jpg\"><img decoding=\"async\" src=\"https:\/\/hogarelbosque.com\/wp-content\/uploads\/2020\/03\/2.jpg\" width=\"600\" height=\"400\" alt=\"\" title=\"2\" aria-label=\"2\" class=\"img-responsive wp-image-1143\" srcset=\"https:\/\/hogarelbosque.com\/wp-content\/uploads\/2020\/03\/2-200x133.jpg 200w, https:\/\/hogarelbosque.com\/wp-content\/uploads\/2020\/03\/2-400x267.jpg 400w, https:\/\/hogarelbosque.com\/wp-content\/uploads\/2020\/03\/2.jpg 600w\" sizes=\"(min-width: 2200px) 100vw, (min-width: 640px) 1170px, \" \/><\/div><\/a><\/div><\/div><div style=\"padding:5px;\" class=\"fusion-grid-column fusion-gallery-column fusion-gallery-column-3 hover-type-none fusion-element-landscape\"><div class=\"fusion-gallery-image\"><a href=\"https:\/\/hogarelbosque.com\/wp-content\/uploads\/2020\/03\/3.jpg\" rel=\"noreferrer\" data-rel=\"iLightbox[gallery_image_1]\" class=\"fusion-lightbox\" target=\"_self\"><div style=\"padding-top:calc((100% + 10px) * 0.4 - 5px);\" class=\"fusion-masonry-element-container lazyload\" data-bg=\"https:\/\/hogarelbosque.com\/wp-content\/uploads\/2020\/03\/3.jpg\"><img decoding=\"async\" src=\"https:\/\/hogarelbosque.com\/wp-content\/uploads\/2020\/03\/3.jpg\" width=\"600\" height=\"400\" alt=\"\" title=\"3\" aria-label=\"3\" class=\"img-responsive wp-image-1144\" srcset=\"https:\/\/hogarelbosque.com\/wp-content\/uploads\/2020\/03\/3-200x133.jpg 200w, https:\/\/hogarelbosque.com\/wp-content\/uploads\/2020\/03\/3-400x267.jpg 400w, https:\/\/hogarelbosque.com\/wp-content\/uploads\/2020\/03\/3.jpg 600w\" sizes=\"(min-width: 2200px) 100vw, (min-width: 640px) 1170px, \" \/><\/div><\/a><\/div><\/div><div style=\"padding:5px;\" class=\"fusion-grid-column fusion-gallery-column fusion-gallery-column-3 hover-type-none fusion-element-landscape\"><div class=\"fusion-gallery-image\"><a href=\"https:\/\/hogarelbosque.com\/wp-content\/uploads\/2020\/03\/4.jpg\" rel=\"noreferrer\" data-rel=\"iLightbox[gallery_image_1]\" class=\"fusion-lightbox\" target=\"_self\"><div style=\"padding-top:calc((100% + 10px) * 0.4 - 5px);\" class=\"fusion-masonry-element-container lazyload\" data-bg=\"https:\/\/hogarelbosque.com\/wp-content\/uploads\/2020\/03\/4.jpg\"><img decoding=\"async\" src=\"https:\/\/hogarelbosque.com\/wp-content\/uploads\/2020\/03\/4.jpg\" width=\"600\" height=\"400\" alt=\"\" title=\"4\" aria-label=\"4\" class=\"img-responsive wp-image-1145\" srcset=\"https:\/\/hogarelbosque.com\/wp-content\/uploads\/2020\/03\/4-200x133.jpg 200w, https:\/\/hogarelbosque.com\/wp-content\/uploads\/2020\/03\/4-400x267.jpg 400w, https:\/\/hogarelbosque.com\/wp-content\/uploads\/2020\/03\/4.jpg 600w\" sizes=\"(min-width: 2200px) 100vw, (min-width: 640px) 1170px, \" \/><\/div><\/a><\/div><\/div><div style=\"padding:5px;\" class=\"fusion-grid-column fusion-gallery-column fusion-gallery-column-3 hover-type-none fusion-element-landscape\"><div class=\"fusion-gallery-image\"><a href=\"https:\/\/hogarelbosque.com\/wp-content\/uploads\/2020\/03\/5.jpg\" rel=\"noreferrer\" data-rel=\"iLightbox[gallery_image_1]\" class=\"fusion-lightbox\" target=\"_self\"><div style=\"padding-top:calc((100% + 10px) * 0.4 - 5px);\" class=\"fusion-masonry-element-container lazyload\" data-bg=\"https:\/\/hogarelbosque.com\/wp-content\/uploads\/2020\/03\/5.jpg\"><img decoding=\"async\" src=\"https:\/\/hogarelbosque.com\/wp-content\/uploads\/2020\/03\/5.jpg\" width=\"600\" height=\"400\" alt=\"\" title=\"5\" aria-label=\"5\" class=\"img-responsive wp-image-1146\" srcset=\"https:\/\/hogarelbosque.com\/wp-content\/uploads\/2020\/03\/5-200x133.jpg 200w, https:\/\/hogarelbosque.com\/wp-content\/uploads\/2020\/03\/5-400x267.jpg 400w, https:\/\/hogarelbosque.com\/wp-content\/uploads\/2020\/03\/5.jpg 600w\" sizes=\"(min-width: 2200px) 100vw, (min-width: 640px) 1170px, \" \/><\/div><\/a><\/div><\/div><div style=\"padding:5px;\" class=\"fusion-grid-column fusion-gallery-column fusion-gallery-column-3 hover-type-none fusion-element-landscape\"><div class=\"fusion-gallery-image\"><a href=\"https:\/\/hogarelbosque.com\/wp-content\/uploads\/2020\/03\/6.jpg\" rel=\"noreferrer\" data-rel=\"iLightbox[gallery_image_1]\" class=\"fusion-lightbox\" target=\"_self\"><div style=\"padding-top:calc((100% + 10px) * 0.4 - 5px);\" class=\"fusion-masonry-element-container lazyload\" data-bg=\"https:\/\/hogarelbosque.com\/wp-content\/uploads\/2020\/03\/6.jpg\"><img decoding=\"async\" src=\"https:\/\/hogarelbosque.com\/wp-content\/uploads\/2020\/03\/6.jpg\" width=\"600\" height=\"400\" alt=\"\" title=\"6\" aria-label=\"6\" class=\"img-responsive wp-image-1147\" srcset=\"https:\/\/hogarelbosque.com\/wp-content\/uploads\/2020\/03\/6-200x133.jpg 200w, https:\/\/hogarelbosque.com\/wp-content\/uploads\/2020\/03\/6-400x267.jpg 400w, https:\/\/hogarelbosque.com\/wp-content\/uploads\/2020\/03\/6.jpg 600w\" sizes=\"(min-width: 2200px) 100vw, (min-width: 640px) 1170px, \" \/><\/div><\/a><\/div><\/div><div style=\"padding:5px;\" class=\"fusion-grid-column fusion-gallery-column fusion-gallery-column-3 hover-type-none fusion-element-landscape\"><div class=\"fusion-gallery-image\"><a href=\"https:\/\/hogarelbosque.com\/wp-content\/uploads\/2020\/03\/7.jpg\" rel=\"noreferrer\" data-rel=\"iLightbox[gallery_image_1]\" class=\"fusion-lightbox\" target=\"_self\"><div style=\"padding-top:calc((100% + 10px) * 0.4 - 5px);\" class=\"fusion-masonry-element-container lazyload\" data-bg=\"https:\/\/hogarelbosque.com\/wp-content\/uploads\/2020\/03\/7.jpg\"><img decoding=\"async\" src=\"https:\/\/hogarelbosque.com\/wp-content\/uploads\/2020\/03\/7.jpg\" width=\"600\" height=\"400\" alt=\"\" title=\"7\" aria-label=\"7\" class=\"img-responsive wp-image-1148\" srcset=\"https:\/\/hogarelbosque.com\/wp-content\/uploads\/2020\/03\/7-200x133.jpg 200w, https:\/\/hogarelbosque.com\/wp-content\/uploads\/2020\/03\/7-400x267.jpg 400w, https:\/\/hogarelbosque.com\/wp-content\/uploads\/2020\/03\/7.jpg 600w\" sizes=\"(min-width: 2200px) 100vw, (min-width: 640px) 1170px, \" \/><\/div><\/a><\/div><\/div><div style=\"padding:5px;\" class=\"fusion-grid-column fusion-gallery-column fusion-gallery-column-3 hover-type-none fusion-element-landscape\"><div class=\"fusion-gallery-image\"><a href=\"https:\/\/hogarelbosque.com\/wp-content\/uploads\/2020\/03\/8.jpg\" rel=\"noreferrer\" data-rel=\"iLightbox[gallery_image_1]\" class=\"fusion-lightbox\" target=\"_self\"><div style=\"padding-top:calc((100% + 10px) * 0.4 - 5px);\" class=\"fusion-masonry-element-container lazyload\" data-bg=\"https:\/\/hogarelbosque.com\/wp-content\/uploads\/2020\/03\/8.jpg\"><img decoding=\"async\" src=\"https:\/\/hogarelbosque.com\/wp-content\/uploads\/2020\/03\/8.jpg\" width=\"600\" height=\"400\" alt=\"\" title=\"8\" aria-label=\"8\" class=\"img-responsive wp-image-1149\" srcset=\"https:\/\/hogarelbosque.com\/wp-content\/uploads\/2020\/03\/8-200x133.jpg 200w, https:\/\/hogarelbosque.com\/wp-content\/uploads\/2020\/03\/8-400x267.jpg 400w, https:\/\/hogarelbosque.com\/wp-content\/uploads\/2020\/03\/8.jpg 600w\" sizes=\"(min-width: 2200px) 100vw, (min-width: 640px) 1170px, \" \/><\/div><\/a><\/div><\/div><div style=\"padding:5px;\" class=\"fusion-grid-column fusion-gallery-column fusion-gallery-column-3 hover-type-none fusion-element-landscape\"><div class=\"fusion-gallery-image\"><a href=\"https:\/\/hogarelbosque.com\/wp-content\/uploads\/2020\/03\/9.jpg\" rel=\"noreferrer\" data-rel=\"iLightbox[gallery_image_1]\" class=\"fusion-lightbox\" target=\"_self\"><div style=\"padding-top:calc((100% + 10px) * 0.4 - 5px);\" class=\"fusion-masonry-element-container lazyload\" data-bg=\"https:\/\/hogarelbosque.com\/wp-content\/uploads\/2020\/03\/9.jpg\"><img decoding=\"async\" src=\"https:\/\/hogarelbosque.com\/wp-content\/uploads\/2020\/03\/9.jpg\" width=\"600\" height=\"400\" alt=\"\" title=\"9\" aria-label=\"9\" class=\"img-responsive wp-image-1150\" srcset=\"https:\/\/hogarelbosque.com\/wp-content\/uploads\/2020\/03\/9-200x133.jpg 200w, https:\/\/hogarelbosque.com\/wp-content\/uploads\/2020\/03\/9-400x267.jpg 400w, https:\/\/hogarelbosque.com\/wp-content\/uploads\/2020\/03\/9.jpg 600w\" sizes=\"(min-width: 2200px) 100vw, (min-width: 640px) 1170px, \" \/><\/div><\/a><\/div><\/div><div style=\"padding:5px;\" class=\"fusion-grid-column fusion-gallery-column fusion-gallery-column-3 hover-type-none fusion-element-landscape\"><div class=\"fusion-gallery-image\"><a href=\"https:\/\/hogarelbosque.com\/wp-content\/uploads\/2020\/03\/10.jpg\" rel=\"noreferrer\" data-rel=\"iLightbox[gallery_image_1]\" class=\"fusion-lightbox\" target=\"_self\"><div style=\"padding-top:calc((100% + 10px) * 0.4 - 5px);\" class=\"fusion-masonry-element-container lazyload\" data-bg=\"https:\/\/hogarelbosque.com\/wp-content\/uploads\/2020\/03\/10.jpg\"><img decoding=\"async\" src=\"https:\/\/hogarelbosque.com\/wp-content\/uploads\/2020\/03\/10.jpg\" width=\"600\" height=\"400\" alt=\"\" title=\"10\" aria-label=\"10\" class=\"img-responsive wp-image-1151\" srcset=\"https:\/\/hogarelbosque.com\/wp-content\/uploads\/2020\/03\/10-200x133.jpg 200w, https:\/\/hogarelbosque.com\/wp-content\/uploads\/2020\/03\/10-400x267.jpg 400w, https:\/\/hogarelbosque.com\/wp-content\/uploads\/2020\/03\/10.jpg 600w\" sizes=\"(min-width: 2200px) 100vw, (min-width: 640px) 1170px, \" \/><\/div><\/a><\/div><\/div><div style=\"padding:5px;\" class=\"fusion-grid-column fusion-gallery-column fusion-gallery-column-3 hover-type-none fusion-element-landscape\"><div class=\"fusion-gallery-image\"><a href=\"https:\/\/hogarelbosque.com\/wp-content\/uploads\/2020\/03\/11.jpg\" rel=\"noreferrer\" data-rel=\"iLightbox[gallery_image_1]\" class=\"fusion-lightbox\" target=\"_self\"><div style=\"padding-top:calc((100% + 10px) * 0.4 - 5px);\" class=\"fusion-masonry-element-container lazyload\" data-bg=\"https:\/\/hogarelbosque.com\/wp-content\/uploads\/2020\/03\/11.jpg\"><img decoding=\"async\" src=\"https:\/\/hogarelbosque.com\/wp-content\/uploads\/2020\/03\/11.jpg\" width=\"600\" height=\"400\" alt=\"\" title=\"11\" aria-label=\"11\" class=\"img-responsive wp-image-1152\" srcset=\"https:\/\/hogarelbosque.com\/wp-content\/uploads\/2020\/03\/11-200x133.jpg 200w, https:\/\/hogarelbosque.com\/wp-content\/uploads\/2020\/03\/11-400x267.jpg 400w, https:\/\/hogarelbosque.com\/wp-content\/uploads\/2020\/03\/11.jpg 600w\" sizes=\"(min-width: 2200px) 100vw, (min-width: 640px) 1170px, \" \/><\/div><\/a><\/div><\/div><\/div><div class=\"fusion-clearfix\"><\/div><\/div><\/div><\/div><\/div><style type=\"text\/css\">.fusion-fullwidth.fusion-builder-row-1 a:not(.fusion-button):not(.fusion-builder-module-control):not(.fusion-social-network-icon):not(.fb-icon-element):not(.fusion-countdown-link):not(.fusion-rollover-link):not(.fusion-rollover-gallery):not(.add_to_cart_button):not(.show_details_button):not(.product_type_external):not(.fusion-quick-view):not(.fusion-rollover-title-link) , .fusion-fullwidth.fusion-builder-row-1 a:not(.fusion-button):not(.fusion-builder-module-control):not(.fusion-social-network-icon):not(.fb-icon-element):not(.fusion-countdown-link):not(.fusion-rollover-link):not(.fusion-rollover-gallery):not(.add_to_cart_button):not(.show_details_button):not(.product_type_external):not(.fusion-quick-view):not(.fusion-rollover-title-link):before, .fusion-fullwidth.fusion-builder-row-1 a:not(.fusion-button):not(.fusion-builder-module-control):not(.fusion-social-network-icon):not(.fb-icon-element):not(.fusion-countdown-link):not(.fusion-rollover-link):not(.fusion-rollover-gallery):not(.add_to_cart_button):not(.show_details_button):not(.product_type_external):not(.fusion-quick-view):not(.fusion-rollover-title-link):after {color: #b9afa1;}.fusion-fullwidth.fusion-builder-row-1 a:not(.fusion-button):not(.fusion-builder-module-control):not(.fusion-social-network-icon):not(.fb-icon-element):not(.fusion-countdown-link):not(.fusion-rollover-link):not(.fusion-rollover-gallery):not(.add_to_cart_button):not(.show_details_button):not(.product_type_external):not(.fusion-quick-view):not(.fusion-rollover-title-link):hover, .fusion-fullwidth.fusion-builder-row-1 a:not(.fusion-button):not(.fusion-builder-module-control):not(.fusion-social-network-icon):not(.fb-icon-element):not(.fusion-countdown-link):not(.fusion-rollover-link):not(.fusion-rollover-gallery):not(.add_to_cart_button):not(.show_details_button):not(.product_type_external):not(.fusion-quick-view):not(.fusion-rollover-title-link):hover:before, .fusion-fullwidth.fusion-builder-row-1 a:not(.fusion-button):not(.fusion-builder-module-control):not(.fusion-social-network-icon):not(.fb-icon-element):not(.fusion-countdown-link):not(.fusion-rollover-link):not(.fusion-rollover-gallery):not(.add_to_cart_button):not(.show_details_button):not(.product_type_external):not(.fusion-quick-view):not(.fusion-rollover-title-link):hover:after {color: #09ae4d;}.fusion-fullwidth.fusion-builder-row-1 .pagination a.inactive:hover, .fusion-fullwidth.fusion-builder-row-1 .fusion-filters .fusion-filter.fusion-active a {border-color: #09ae4d;}.fusion-fullwidth.fusion-builder-row-1 .pagination .current {border-color: #09ae4d; background-color: #09ae4d;}.fusion-fullwidth.fusion-builder-row-1 .fusion-filters .fusion-filter.fusion-active a, .fusion-fullwidth.fusion-builder-row-1 .fusion-date-and-formats .fusion-format-box, .fusion-fullwidth.fusion-builder-row-1 .fusion-popover, .fusion-fullwidth.fusion-builder-row-1 .tooltip-shortcode {color: #09ae4d;}#main .fusion-fullwidth.fusion-builder-row-1 .post .blog-shortcode-post-title a:hover {color: #09ae4d;}<\/style>\n","protected":false},"excerpt":{"rendered":"","protected":false},"author":1,"featured_media":0,"parent":0,"menu_order":0,"comment_status":"closed","ping_status":"closed","template":"","meta":{"footnotes":""},"_links":{"self":[{"href":"https:\/\/hogarelbosque.com\/index.php\/wp-json\/wp\/v2\/pages\/1107"}],"collection":[{"href":"https:\/\/hogarelbosque.com\/index.php\/wp-json\/wp\/v2\/pages"}],"about":[{"href":"https:\/\/hogarelbosque.com\/index.php\/wp-json\/wp\/v2\/types\/page"}],"author":[{"embeddable":true,"href":"https:\/\/hogarelbosque.com\/index.php\/wp-json\/wp\/v2\/users\/1"}],"replies":[{"embeddable":true,"href":"https:\/\/hogarelbosque.com\/index.php\/wp-json\/wp\/v2\/comments?post=1107"}],"version-history":[{"count":5,"href":"https:\/\/hogarelbosque.com\/index.php\/wp-json\/wp\/v2\/pages\/1107\/revisions"}],"predecessor-version":[{"id":1153,"href":"https:\/\/hogarelbosque.com\/index.php\/wp-json\/wp\/v2\/pages\/1107\/revisions\/1153"}],"wp:attachment":[{"href":"https:\/\/hogarelbosque.com\/index.php\/wp-json\/wp\/v2\/media?parent=1107"}],"curies":[{"name":"wp","href":"https:\/\/api.w.org\/{rel}","templated":true}]}}